{"id":1866,"date":"2022-05-02T07:03:26","date_gmt":"2022-05-02T05:03:26","guid":{"rendered":"https:\/\/www.aiadek.com\/?page_id=1866"},"modified":"2022-10-26T09:28:48","modified_gmt":"2022-10-26T07:28:48","slug":"services","status":"publish","type":"page","link":"https:\/\/www.aiadek.com\/fr\/services\/","title":{"rendered":"Services"},"content":{"rendered":"<p>[et_pb_section fb_built=\u00a0\u00bb1&Prime; module_class=\u00a0\u00bbpage-header\u00a0\u00bb _builder_version=\u00a0\u00bb4.17.3&Prime; _module_preset=\u00a0\u00bbdefault\u00a0\u00bb background_color=\u00a0\u00bb#024596&Prime; locked=\u00a0\u00bboff\u00a0\u00bb global_colors_info=\u00a0\u00bb{}\u00a0\u00bb][et_pb_row _builder_version=\u00a0\u00bb4.17.3&Prime; _module_preset=\u00a0\u00bbdefault\u00a0\u00bb global_colors_info=\u00a0\u00bb{}\u00a0\u00bb][et_pb_column type=\u00a0\u00bb4_4&Prime; _builder_version=\u00a0\u00bb4.17.3&Prime; _module_preset=\u00a0\u00bbdefault\u00a0\u00bb global_colors_info=\u00a0\u00bb{}\u00a0\u00bb][et_pb_text _builder_version=\u00a0\u00bb4.18.0&Prime; _module_preset=\u00a0\u00bbdefault\u00a0\u00bb hover_enabled=\u00a0\u00bb0&Prime; global_colors_info=\u00a0\u00bb{}\u00a0\u00bb sticky_enabled=\u00a0\u00bb0&Prime;]<\/p>\n<h1>Services<\/h1>\n<p>Tout ce que l&rsquo;on peut faire pour vous.<\/p>\n<p>[\/et_pb_text][\/et_pb_column][\/et_pb_row][\/et_pb_section][et_pb_section fb_built=\u00a0\u00bb1&Prime; module_class=\u00a0\u00bbservicios-page\u00a0\u00bb _builder_version=\u00a0\u00bb4.17.3&Prime; _module_preset=\u00a0\u00bbdefault\u00a0\u00bb global_colors_info=\u00a0\u00bb{}\u00a0\u00bb][et_pb_row column_structure=\u00a0\u00bb1_2,1_2&Prime; _builder_version=\u00a0\u00bb4.17.3&Prime; _module_preset=\u00a0\u00bbdefault\u00a0\u00bb global_colors_info=\u00a0\u00bb{}\u00a0\u00bb][et_pb_column type=\u00a0\u00bb1_2&Prime; _builder_version=\u00a0\u00bb4.17.3&Prime; _module_preset=\u00a0\u00bbdefault\u00a0\u00bb global_colors_info=\u00a0\u00bb{}\u00a0\u00bb][et_pb_image src=\u00a0\u00bbhttps:\/\/www.aiadek.com\/wp-content\/uploads\/2022\/07\/MG_8324-scaled.jpg\u00a0\u00bb title_text=\u00a0\u00bb_MG_8324&Prime; admin_label=\u00a0\u00bbImagen\u00a0\u00bb _builder_version=\u00a0\u00bb4.18.0&Prime; _module_preset=\u00a0\u00bbdefault\u00a0\u00bb background_image=\u00a0\u00bbhttps:\/\/www.aiadek.com\/wp-content\/uploads\/2022\/07\/MG_8324-scaled.jpg\u00a0\u00bb global_colors_info=\u00a0\u00bb{}\u00a0\u00bb][\/et_pb_image][\/et_pb_column][et_pb_column type=\u00a0\u00bb1_2&Prime; _builder_version=\u00a0\u00bb4.17.3&Prime; _module_preset=\u00a0\u00bbdefault\u00a0\u00bb global_colors_info=\u00a0\u00bb{}\u00a0\u00bb][et_pb_text admin_label=\u00a0\u00bbSoporte t\u00e9cnico\u00a0\u00bb _builder_version=\u00a0\u00bb4.18.0&Prime; _module_preset=\u00a0\u00bbdefault\u00a0\u00bb global_colors_info=\u00a0\u00bb{}\u00a0\u00bb]<\/p>\n<h2>Support technique<\/h2>\n<p>Chez Aiadek nous avons tout ce dont vous avez besoin pour r\u00e9aliser vos projets. Nos techniciens sont toujours pr\u00e9sents pour vous aider et vous conseiller dans le choix de la <strong>peinture<\/strong> qui s\u2019adapte le mieux \u00e0 votre projet. Si vous avez des doutes par rapport \u00e0 la peinture \u00e0 choisir ou vous ne trouvez\u00a0 pas ce que vous cherchez, Aiadek vous offre des solutions personnalis\u00e9es et des produits adapt\u00e9s \u00e0 vos besoins.<\/p>\n<p><strong>Pour cela, nous vous recommandons de <\/strong>:<\/p>\n<ul class=\"ul-cto\">\n<li class=\"cto-loc\">Venir nous voir \u00e0 notre atelier situ\u00e9 au 60-62 calle Gabiria \u00e0 Irun.<\/li>\n<li class=\"cto-mail\">Nous \u00e9crire \u00e0 l&rsquo;adresse mail <a href=\"mailto:aiadek@aiadek.com\">aiadek@aiadek.com<\/a><\/li>\n<li class=\"cto-wha\">Nous contacter par Whatsapp:<a href=\"https:\/\/api.whatsapp.com\/send?phone=34661604693\">\u00a0+34 6 61 60 47 55<\/a><\/li>\n<li class=\"cto-tel\">Nous appeler au\u00a0 <a href=\"tel:943633946\">+34 943-633-946<\/a><\/li>\n<\/ul>\n<p>[\/et_pb_text][\/et_pb_column][\/et_pb_row][et_pb_row column_structure=\u00a0\u00bb1_2,1_2&Prime; _builder_version=\u00a0\u00bb4.17.3&Prime; _module_preset=\u00a0\u00bbdefault\u00a0\u00bb global_colors_info=\u00a0\u00bb{}\u00a0\u00bb][et_pb_column type=\u00a0\u00bb1_2&Prime; _builder_version=\u00a0\u00bb4.17.3&Prime; _module_preset=\u00a0\u00bbdefault\u00a0\u00bb global_colors_info=\u00a0\u00bb{}\u00a0\u00bb][et_pb_text admin_label=\u00a0\u00bbInformaciones t\u00e9cnicas y garant\u00edas \u00a0\u00bb _builder_version=\u00a0\u00bb4.18.0&Prime; _module_preset=\u00a0\u00bbdefault\u00a0\u00bb global_colors_info=\u00a0\u00bb{}\u00a0\u00bb]<\/p>\n<h2>Informations techniques et garanties<\/h2>\n<p>Informations techniques et garanties<\/p>\n<p>Chez Aiadek nous avons \u00e9labor\u00e9 gratuitement des documents techniques de recommandations pour fa\u00e7ades\u00a0 Pour cela, nous comptons sur une \u00e9quipe d\u2019experts techniques avec une grande exp\u00e9rience et la plus grande gamme de solutions de peinture pour chaque type de projet.<\/p>\n<p>Nous vous aidons et vous accompagnons durant tout le processus\u00a0:<\/p>\n<ul class=\"check\">\n<li>La visite sur le chantier.<\/li>\n<li>Etude des probl\u00e8mes \u00a0et de d\u00e9faillances du support.<\/li>\n<li>R\u00e9alisation d\u2019un diagnostic pr\u00e9cis du traitement pr\u00e9ventif \u00e0 r\u00e9aliser.<\/li>\n<li>Proposition d\u00e9taill\u00e9e du syst\u00e8me ou <strong>solution de peinture<\/strong> plus efficace et r\u00e9daction des documents techniques incluant les fiches techniques et les certificats requis.<\/li>\n<\/ul>\n<p>[\/et_pb_text][\/et_pb_column][et_pb_column type=\u00a0\u00bb1_2&Prime; _builder_version=\u00a0\u00bb4.17.3&Prime; _module_preset=\u00a0\u00bbdefault\u00a0\u00bb global_colors_info=\u00a0\u00bb{}\u00a0\u00bb][et_pb_image src=\u00a0\u00bbhttps:\/\/www.aiadek.com\/wp-content\/uploads\/2022\/09\/AIADEK-PINTURAS-36.jpg\u00a0\u00bb title_text=\u00a0\u00bbAIADEK-PINTURAS-36&Prime; admin_label=\u00a0\u00bbImagen\u00a0\u00bb _builder_version=\u00a0\u00bb4.18.0&Prime; _module_preset=\u00a0\u00bbdefault\u00a0\u00bb global_colors_info=\u00a0\u00bb{}\u00a0\u00bb][\/et_pb_image][\/et_pb_column][\/et_pb_row][et_pb_row column_structure=\u00a0\u00bb1_2,1_2&Prime; _builder_version=\u00a0\u00bb4.18.0&Prime; _module_preset=\u00a0\u00bbdefault\u00a0\u00bb min_height=\u00a0\u00bb385.2px\u00a0\u00bb global_colors_info=\u00a0\u00bb{}\u00a0\u00bb][et_pb_column type=\u00a0\u00bb1_2&Prime; _builder_version=\u00a0\u00bb4.17.3&Prime; _module_preset=\u00a0\u00bbdefault\u00a0\u00bb global_colors_info=\u00a0\u00bb{}\u00a0\u00bb][et_pb_image src=\u00a0\u00bbhttps:\/\/www.aiadek.com\/wp-content\/uploads\/2022\/09\/AIADEK-PINTURAS-25800-1.png\u00a0\u00bb title_text=\u00a0\u00bbAIADEK-PINTURAS-25800&Prime; admin_label=\u00a0\u00bbImagen\u00a0\u00bb _builder_version=\u00a0\u00bb4.18.0&Prime; _module_preset=\u00a0\u00bbdefault\u00a0\u00bb global_colors_info=\u00a0\u00bb{}\u00a0\u00bb][\/et_pb_image][\/et_pb_column][et_pb_column type=\u00a0\u00bb1_2&Prime; _builder_version=\u00a0\u00bb4.17.3&Prime; _module_preset=\u00a0\u00bbdefault\u00a0\u00bb global_colors_info=\u00a0\u00bb{}\u00a0\u00bb][et_pb_text admin_label=\u00a0\u00bb\u00c1rea t\u00e9cnica\u00a0\u00bb _builder_version=\u00a0\u00bb4.18.0&Prime; _module_preset=\u00a0\u00bbdefault\u00a0\u00bb global_colors_info=\u00a0\u00bb{}\u00a0\u00bb]<\/p>\n<h2>Etudes de couleur<\/h2>\n<p>En partant de la photo initiale de la fa\u00e7ade \u00e0 r\u00e9nover et en suivant les pr\u00e9f\u00e9rences de couleur \u00a0du client, l\u2019<strong>\u00e9tude chromatique<\/strong> est une aide efficace pour pouvoir choisir la couleur car elle permet de visualiser au pr\u00e9alable\u00a0 le r\u00e9sultat final du projet.<\/p>\n<p>[\/et_pb_text][\/et_pb_column][\/et_pb_row][et_pb_row column_structure=\u00a0\u00bb1_2,1_2&Prime; _builder_version=\u00a0\u00bb4.17.3&Prime; _module_preset=\u00a0\u00bbdefault\u00a0\u00bb custom_padding=\u00a0\u00bb13px|||||\u00a0\u00bb global_colors_info=\u00a0\u00bb{}\u00a0\u00bb][et_pb_column type=\u00a0\u00bb1_2&Prime; _builder_version=\u00a0\u00bb4.17.3&Prime; _module_preset=\u00a0\u00bbdefault\u00a0\u00bb global_colors_info=\u00a0\u00bb{}\u00a0\u00bb][et_pb_text admin_label=\u00a0\u00bbReparto propio\u00a0\u00bb _builder_version=\u00a0\u00bb4.18.0&Prime; _module_preset=\u00a0\u00bbdefault\u00a0\u00bb global_colors_info=\u00a0\u00bb{}\u00a0\u00bb]<\/p>\n<h2>Client particulier<\/h2>\n<p>Nous vous accompagnons et vous conseillons dans le choix de la peinture la plus adapt\u00e9e \u00e0 votre projet et la plus belle couleur. Chez Aiadek<strong>, <\/strong>nous avons plus de 100\u00a0000 couleurs \u00e0 votre disposition. Si vous avez besoin d\u2019une <strong>couleur personnalis\u00e9e<\/strong>, demandez ce que vous souhaitez, nous vous le cr\u00e9erons sur mesure.<\/p>\n<p>Aucune excuse pour ne pas peindre votre chambre\u00a0!<\/p>\n<ul class=\"ul-cto\">\n<li class=\"cto-loc\">Venez nous voir \u00e0 notre atelier situ\u00e9 au 60-62 calle Gabiria \u00e0 Irun.<\/li>\n<li class=\"cto-mail\">Vous pouvez aussi nous \u00e9crire \u00e0 l\u2019adresse mail <a href=\"mailto:aiadek@aiadek.com\">aiadek@aiadek.com<\/a><\/li>\n<li class=\"cto-wha\">Ou nous contacter par Whatsapp: <a href=\"https:\/\/api.whatsapp.com\/send?phone=34661604693\">+34 6 61 60 47 55<\/a><\/li>\n<li class=\"cto-tel\">Nous sommes \u00e0 votre disposition par t\u00e9l\u00e9phone au <a href=\"tel:943633946\" style=\"font-size: 16px;\">+34 943-633-946<\/a><\/li>\n<\/ul>\n<p>[\/et_pb_text][\/et_pb_column][et_pb_column type=\u00a0\u00bb1_2&Prime; _builder_version=\u00a0\u00bb4.17.3&Prime; _module_preset=\u00a0\u00bbdefault\u00a0\u00bb global_colors_info=\u00a0\u00bb{}\u00a0\u00bb][et_pb_image src=\u00a0\u00bbhttps:\/\/www.aiadek.com\/wp-content\/uploads\/2022\/09\/AIADEK-PINTURAS-13.jpg\u00a0\u00bb title_text=\u00a0\u00bbAIADEK-PINTURAS-13&Prime; admin_label=\u00a0\u00bbImagen\u00a0\u00bb _builder_version=\u00a0\u00bb4.18.0&Prime; _module_preset=\u00a0\u00bbdefault\u00a0\u00bb global_colors_info=\u00a0\u00bb{}\u00a0\u00bb][\/et_pb_image][\/et_pb_column][\/et_pb_row][\/et_pb_section]<\/p>\n","protected":false},"excerpt":{"rendered":"<p>Services Tout ce que l&rsquo;on peut faire pour vous.Support technique Chez Aiadek nous avons tout ce dont vous avez besoin pour r\u00e9aliser vos projets. Nos techniciens sont toujours pr\u00e9sents pour vous aider et vous conseiller dans le choix de la peinture qui s\u2019adapte le mieux \u00e0 votre projet. Si vous avez des doutes par rapport [&hellip;]<\/p>\n","protected":false},"author":2,"featured_media":0,"parent":0,"menu_order":3,"comment_status":"closed","ping_status":"closed","template":"","meta":{"_et_pb_use_builder":"on","_et_pb_old_content":"<p>[et_pb_section fb_built=\"1\" module_class=\"page-header\" _builder_version=\"4.17.3\" _module_preset=\"default\" background_color=\"#024596\" locked=\"off\" global_colors_info=\"{}\"][et_pb_row _builder_version=\"4.17.3\" _module_preset=\"default\" global_colors_info=\"{}\"][et_pb_column type=\"4_4\" _builder_version=\"4.17.3\" _module_preset=\"default\" global_colors_info=\"{}\"][et_pb_text _builder_version=\"4.17.3\" _module_preset=\"default\" global_colors_info=\"{}\"]<\/p><h1>Servicios<\/h1><p>Todo lo que podemos hacer por ti...<\/p><p>[\/et_pb_text][\/et_pb_column][\/et_pb_row][\/et_pb_section][et_pb_section fb_built=\"1\" module_class=\"servicios-page\" _builder_version=\"4.17.3\" _module_preset=\"default\" global_colors_info=\"{}\"][et_pb_row column_structure=\"1_2,1_2\" _builder_version=\"4.17.3\" _module_preset=\"default\" global_colors_info=\"{}\"][et_pb_column type=\"1_2\" _builder_version=\"4.17.3\" _module_preset=\"default\" global_colors_info=\"{}\"][et_pb_image src=\"https:\/\/www.aiadek.com\/wp-content\/uploads\/2022\/07\/MG_8324-scaled.jpg\" title_text=\"_MG_8324\" admin_label=\"Imagen\" _builder_version=\"4.18.0\" _module_preset=\"default\" background_image=\"https:\/\/www.aiadek.com\/wp-content\/uploads\/2022\/07\/MG_8324-scaled.jpg\" global_colors_info=\"{}\"][\/et_pb_image][\/et_pb_column][et_pb_column type=\"1_2\" _builder_version=\"4.17.3\" _module_preset=\"default\" global_colors_info=\"{}\"][et_pb_text admin_label=\"Soporte t\u00e9cnico\" _builder_version=\"4.18.0\" _module_preset=\"default\" global_colors_info=\"{}\"]<\/p><h2>Soporte t\u00e9cnico<\/h2><p>En Aiadek tenemos todo lo que necesitas para llevar a cabo tus proyectos. Nuestros t\u00e9cnicos est\u00e1n para ayudarte y asesorarte en la elecci\u00f3n del sistema de pintado m\u00e1s adecuado. Si tienes dudas acerca de la pintura a elegir, o no encuentras lo que est\u00e1s buscando, Aiadek te ofrece soluciones personalizadas, y productos seg\u00fan muestra.<\/p><p><strong>Para ello, te recomendamos<\/strong>:<\/p><ul class=\"ul-cto\"><li class=\"cto-loc\">Que acudas a nuestro almacen en <a href=\"https:\/\/goo.gl\/maps\/iq4d83zrVYuwwSrA8\" target=\"_blank\" rel=\"noopener\">C\/ Gabiria 60-62, Irun<\/a><\/li><li class=\"cto-mail\">Puedes escribirnos a <a href=\"mailto:aiadek@aiadek.com\">aiadek@aiadek.com<\/a><\/li><li class=\"cto-wha\"><a href=\"https:\/\/api.whatsapp.com\/send?phone=34661604693\">661604755<\/a><\/li><li class=\"cto-tel\">Te atenderemos en el tel\u00e9fono <a href=\"tel:943633946\">943-633946<\/a><\/li><\/ul><p>[\/et_pb_text][\/et_pb_column][\/et_pb_row][et_pb_row column_structure=\"1_2,1_2\" _builder_version=\"4.17.3\" _module_preset=\"default\" global_colors_info=\"{}\"][et_pb_column type=\"1_2\" _builder_version=\"4.17.3\" _module_preset=\"default\" global_colors_info=\"{}\"][et_pb_text admin_label=\"Informaciones t\u00e9cnicas y garant\u00edas \" _builder_version=\"4.18.0\" _module_preset=\"default\" global_colors_info=\"{}\"]<\/p><h2>Informaciones t\u00e9cnicas y garant\u00edas<\/h2><p>En Aiadek elaboramos informes t\u00e9cnicos de prescripci\u00f3n de fachadas completamente gratuitos. Para ello nos apoyamos en un equipo de expertos t\u00e9cnicos con gran experiencia y la m\u00e1s amplia gama de soluciones de pintura para cada tipolog\u00eda concreta de proyecto a abordar.<\/p><p>Estamos para ayudarte y acompa\u00f1arte en todo el proceso:<\/p><ul class=\"check\"><li>La visita en obra.<\/li><li>Estudio de las patolog\u00edas y deficiencias que presenta el soporte.<\/li><li>Realizaci\u00f3n de un diagn\u00f3stico certero del tratamiento preventivo a realizar.<\/li><li>Prescripci\u00f3n detallada del sistema o soluci\u00f3n de pintura m\u00e1s eficaz y redacci\u00f3n del informe t\u00e9cnico que incluye fichas t\u00e9cnicas y certificados pertinentes.<\/li><\/ul><p>[\/et_pb_text][\/et_pb_column][et_pb_column type=\"1_2\" _builder_version=\"4.17.3\" _module_preset=\"default\" global_colors_info=\"{}\"][et_pb_image src=\"https:\/\/www.aiadek.com\/wp-content\/uploads\/2022\/09\/AIADEK-PINTURAS-36.jpg\" title_text=\"AIADEK-PINTURAS-36\" admin_label=\"Imagen\" _builder_version=\"4.18.0\" _module_preset=\"default\" global_colors_info=\"{}\"][\/et_pb_image][\/et_pb_column][\/et_pb_row][et_pb_row column_structure=\"1_2,1_2\" _builder_version=\"4.18.0\" _module_preset=\"default\" min_height=\"385.2px\" global_colors_info=\"{}\"][et_pb_column type=\"1_2\" _builder_version=\"4.17.3\" _module_preset=\"default\" global_colors_info=\"{}\"][et_pb_image src=\"https:\/\/www.aiadek.com\/wp-content\/uploads\/2022\/09\/AIADEK-PINTURAS-25800-1.png\" title_text=\"AIADEK-PINTURAS-25800\" admin_label=\"Imagen\" _builder_version=\"4.18.0\" _module_preset=\"default\" global_colors_info=\"{}\"][\/et_pb_image][\/et_pb_column][et_pb_column type=\"1_2\" _builder_version=\"4.17.3\" _module_preset=\"default\" global_colors_info=\"{}\"][et_pb_text admin_label=\"\u00c1rea t\u00e9cnica\" _builder_version=\"4.18.0\" _module_preset=\"default\" global_colors_info=\"{}\"]<\/p><h2>Estudios de color<\/h2><p>Partiendo de la foto inicial de la fachada a rehabilitar, y siguiendo las preferencias crom\u00e1ticas del cliente, el estudio de color es una ayuda eficaz para poder elegir el color, puesto que permite previsualizar el acabado final de la obra.<\/p><p>[\/et_pb_text][\/et_pb_column][\/et_pb_row][et_pb_row column_structure=\"1_2,1_2\" _builder_version=\"4.17.3\" _module_preset=\"default\" custom_padding=\"13px|||||\" global_colors_info=\"{}\"][et_pb_column type=\"1_2\" _builder_version=\"4.17.3\" _module_preset=\"default\" global_colors_info=\"{}\"][et_pb_text admin_label=\"Reparto propio\" _builder_version=\"4.18.0\" _module_preset=\"default\" global_colors_info=\"{}\"]<\/p><h2>Cliente particular<\/h2><p>Te acompa\u00f1amos y asesoramos para ayudarte a elegir la mejor de las pinturas y el color m\u00e1s bonito. En Aiadek tenemos m\u00e1s de 100.000 colores a tu disposici\u00f3n, pero si necesitas un color personalizado, pide lo que quieras, nosotros lo creamos.<\/p><p>Ya no hay excusa para pintar esa habitaci\u00f3n!<\/p><ul class=\"ul-cto\"><li class=\"cto-loc\">Acude a nuestro almac\u00e9n en <a href=\"https:\/\/goo.gl\/maps\/iq4d83zrVYuwwSrA8\" target=\"_blank\" rel=\"noopener\">C\/ Gabiria 60-62, Irun<\/a><\/li><\/ul><p>O tambi\u00e9n puedes escribirnos, y te responderemos lo antes posible:<\/p><ul class=\"ul-cto\"><li class=\"cto-mail\">Puedes escribirnos al <a href=\"mailto:aiadek@aiadek.com\">aiadek@aiadek.com<\/a><\/li><li class=\"cto-wha\"><a href=\"https:\/\/api.whatsapp.com\/send?phone=34661604693\">661604755<\/a><\/li><\/ul><p>[\/et_pb_text][\/et_pb_column][et_pb_column type=\"1_2\" _builder_version=\"4.17.3\" _module_preset=\"default\" global_colors_info=\"{}\"][et_pb_image src=\"https:\/\/www.aiadek.com\/wp-content\/uploads\/2022\/09\/AIADEK-PINTURAS-13.jpg\" title_text=\"AIADEK-PINTURAS-13\" admin_label=\"Imagen\" _builder_version=\"4.18.0\" _module_preset=\"default\" global_colors_info=\"{}\"][\/et_pb_image][\/et_pb_column][\/et_pb_row][\/et_pb_section]<\/p>","_et_gb_content_width":"","_joinchat":[],"footnotes":""},"class_list":["post-1866","page","type-page","status-publish","hentry"],"acf":[],"yoast_head":"<!-- This site is optimized with the Yoast SEO plugin v20.8 - https:\/\/yoast.com\/wordpress\/plugins\/seo\/ -->\r\n<title>Services - Aiadek<\/title>\r\n<meta name=\"robots\" content=\"index, follow, max-snippet:-1, max-image-preview:large, max-video-preview:-1\" \/>\r\n<link rel=\"canonical\" href=\"https:\/\/www.aiadek.com\/services\/\" \/>\r\n<meta property=\"og:locale\" content=\"fr_FR\" \/>\r\n<meta property=\"og:type\" content=\"article\" \/>\r\n<meta property=\"og:title\" content=\"Services - Aiadek\" \/>\r\n<meta property=\"og:description\" content=\"Services Tout ce que l&#039;on peut faire pour vous.Support technique Chez Aiadek nous avons tout ce dont vous avez besoin pour r\u00e9aliser vos projets. Nos techniciens sont toujours pr\u00e9sents pour vous aider et vous conseiller dans le choix de la peinture qui s\u2019adapte le mieux \u00e0 votre projet. Si vous avez des doutes par rapport [&hellip;]\" \/>\r\n<meta property=\"og:url\" content=\"https:\/\/www.aiadek.com\/services\/\" \/>\r\n<meta property=\"og:site_name\" content=\"Aiadek\" \/>\r\n<meta property=\"article:modified_time\" content=\"2022-10-26T07:28:48+00:00\" \/>\r\n<meta name=\"twitter:card\" content=\"summary_large_image\" \/>\r\n<meta name=\"twitter:label1\" content=\"Dur\u00e9e de lecture estim\u00e9e\" \/>\n\t<meta name=\"twitter:data1\" content=\"4 minutes\" \/>\r\n<script type=\"application\/ld+json\" class=\"yoast-schema-graph\">{\"@context\":\"https:\/\/schema.org\",\"@graph\":[{\"@type\":\"WebPage\",\"@id\":\"https:\/\/www.aiadek.com\/services\/\",\"url\":\"https:\/\/www.aiadek.com\/services\/\",\"name\":\"Services - Aiadek\",\"isPartOf\":{\"@id\":\"https:\/\/www.aiadek.com\/#website\"},\"datePublished\":\"2022-05-02T05:03:26+00:00\",\"dateModified\":\"2022-10-26T07:28:48+00:00\",\"breadcrumb\":{\"@id\":\"https:\/\/www.aiadek.com\/services\/#breadcrumb\"},\"inLanguage\":\"fr-FR\",\"potentialAction\":[{\"@type\":\"ReadAction\",\"target\":[\"https:\/\/www.aiadek.com\/services\/\"]}]},{\"@type\":\"BreadcrumbList\",\"@id\":\"https:\/\/www.aiadek.com\/services\/#breadcrumb\",\"itemListElement\":[{\"@type\":\"ListItem\",\"position\":1,\"name\":\"Portada\",\"item\":\"https:\/\/www.aiadek.com\/accueil\/\"},{\"@type\":\"ListItem\",\"position\":2,\"name\":\"Services\"}]},{\"@type\":\"WebSite\",\"@id\":\"https:\/\/www.aiadek.com\/#website\",\"url\":\"https:\/\/www.aiadek.com\/\",\"name\":\"Aiadek\",\"description\":\"Fabricantes de pinturas\",\"publisher\":{\"@id\":\"https:\/\/www.aiadek.com\/#organization\"},\"potentialAction\":[{\"@type\":\"SearchAction\",\"target\":{\"@type\":\"EntryPoint\",\"urlTemplate\":\"https:\/\/www.aiadek.com\/?s={search_term_string}\"},\"query-input\":\"required name=search_term_string\"}],\"inLanguage\":\"fr-FR\"},{\"@type\":\"Organization\",\"@id\":\"https:\/\/www.aiadek.com\/#organization\",\"name\":\"Aiadek\",\"url\":\"https:\/\/www.aiadek.com\/\",\"logo\":{\"@type\":\"ImageObject\",\"inLanguage\":\"fr-FR\",\"@id\":\"https:\/\/www.aiadek.com\/#\/schema\/logo\/image\/\",\"url\":\"https:\/\/www.aiadek.com\/wp-content\/uploads\/2022\/09\/aiadek.jpg\",\"contentUrl\":\"https:\/\/www.aiadek.com\/wp-content\/uploads\/2022\/09\/aiadek.jpg\",\"width\":500,\"height\":169,\"caption\":\"Aiadek\"},\"image\":{\"@id\":\"https:\/\/www.aiadek.com\/#\/schema\/logo\/image\/\"}}]}<\/script>\r\n<!-- \/ Yoast SEO plugin. -->","yoast_head_json":{"title":"Services - Aiadek","robots":{"index":"index","follow":"follow","max-snippet":"max-snippet:-1","max-image-preview":"max-image-preview:large","max-video-preview":"max-video-preview:-1"},"canonical":"https:\/\/www.aiadek.com\/services\/","og_locale":"fr_FR","og_type":"article","og_title":"Services - Aiadek","og_description":"Services Tout ce que l'on peut faire pour vous.Support technique Chez Aiadek nous avons tout ce dont vous avez besoin pour r\u00e9aliser vos projets. Nos techniciens sont toujours pr\u00e9sents pour vous aider et vous conseiller dans le choix de la peinture qui s\u2019adapte le mieux \u00e0 votre projet. Si vous avez des doutes par rapport [&hellip;]","og_url":"https:\/\/www.aiadek.com\/services\/","og_site_name":"Aiadek","article_modified_time":"2022-10-26T07:28:48+00:00","twitter_card":"summary_large_image","twitter_misc":{"Dur\u00e9e de lecture estim\u00e9e":"4 minutes"},"schema":{"@context":"https:\/\/schema.org","@graph":[{"@type":"WebPage","@id":"https:\/\/www.aiadek.com\/services\/","url":"https:\/\/www.aiadek.com\/services\/","name":"Services - Aiadek","isPartOf":{"@id":"https:\/\/www.aiadek.com\/#website"},"datePublished":"2022-05-02T05:03:26+00:00","dateModified":"2022-10-26T07:28:48+00:00","breadcrumb":{"@id":"https:\/\/www.aiadek.com\/services\/#breadcrumb"},"inLanguage":"fr-FR","potentialAction":[{"@type":"ReadAction","target":["https:\/\/www.aiadek.com\/services\/"]}]},{"@type":"BreadcrumbList","@id":"https:\/\/www.aiadek.com\/services\/#breadcrumb","itemListElement":[{"@type":"ListItem","position":1,"name":"Portada","item":"https:\/\/www.aiadek.com\/accueil\/"},{"@type":"ListItem","position":2,"name":"Services"}]},{"@type":"WebSite","@id":"https:\/\/www.aiadek.com\/#website","url":"https:\/\/www.aiadek.com\/","name":"Aiadek","description":"Fabricantes de pinturas","publisher":{"@id":"https:\/\/www.aiadek.com\/#organization"},"potentialAction":[{"@type":"SearchAction","target":{"@type":"EntryPoint","urlTemplate":"https:\/\/www.aiadek.com\/?s={search_term_string}"},"query-input":"required name=search_term_string"}],"inLanguage":"fr-FR"},{"@type":"Organization","@id":"https:\/\/www.aiadek.com\/#organization","name":"Aiadek","url":"https:\/\/www.aiadek.com\/","logo":{"@type":"ImageObject","inLanguage":"fr-FR","@id":"https:\/\/www.aiadek.com\/#\/schema\/logo\/image\/","url":"https:\/\/www.aiadek.com\/wp-content\/uploads\/2022\/09\/aiadek.jpg","contentUrl":"https:\/\/www.aiadek.com\/wp-content\/uploads\/2022\/09\/aiadek.jpg","width":500,"height":169,"caption":"Aiadek"},"image":{"@id":"https:\/\/www.aiadek.com\/#\/schema\/logo\/image\/"}}]}},"_links":{"self":[{"href":"https:\/\/www.aiadek.com\/fr\/wp-json\/wp\/v2\/pages\/1866","targetHints":{"allow":["GET"]}}],"collection":[{"href":"https:\/\/www.aiadek.com\/fr\/wp-json\/wp\/v2\/pages"}],"about":[{"href":"https:\/\/www.aiadek.com\/fr\/wp-json\/wp\/v2\/types\/page"}],"author":[{"embeddable":true,"href":"https:\/\/www.aiadek.com\/fr\/wp-json\/wp\/v2\/users\/2"}],"replies":[{"embeddable":true,"href":"https:\/\/www.aiadek.com\/fr\/wp-json\/wp\/v2\/comments?post=1866"}],"version-history":[{"count":17,"href":"https:\/\/www.aiadek.com\/fr\/wp-json\/wp\/v2\/pages\/1866\/revisions"}],"predecessor-version":[{"id":2129,"href":"https:\/\/www.aiadek.com\/fr\/wp-json\/wp\/v2\/pages\/1866\/revisions\/2129"}],"wp:attachment":[{"href":"https:\/\/www.aiadek.com\/fr\/wp-json\/wp\/v2\/media?parent=1866"}],"curies":[{"name":"wp","href":"https:\/\/api.w.org\/{rel}","templated":true}]}}